{"id":366,"date":"2026-02-11T10:43:27","date_gmt":"2026-02-11T09:43:27","guid":{"rendered":"https:\/\/stevenkrucker.ch\/?page_id=366"},"modified":"2026-02-24T22:28:54","modified_gmt":"2026-02-24T21:28:54","slug":"musik","status":"publish","type":"page","link":"https:\/\/stevenkrucker.ch\/index.php\/musik\/","title":{"rendered":"Musik"},"content":{"rendered":"\n<p class=\"has-text-align-center has-large-font-size\">Musik bedeutet f\u00fcr mich Freude. Diese Freude mit anderen Menschen zu teilen ist f\u00fcr mich das Gr\u00f6sste. Sei es an einem gem\u00fctlichen Pub-Abend, an einem Konzert, einer Geburtstagsfeier, an einem Hochzeit oder an einem Firmenanlass. Ich habe f\u00fcr jeden Anlass das passende Repertoire und sorge f\u00fcr gute Stimmung oder emotionale Momente \u2013 alleine oder als Band.<\/p>\n\n\n\n<h2 class=\"wp-block-heading has-text-align-left has-xx-large-font-size\">Irische Musik<\/h2>\n\n\n\n<div class=\"wp-block-columns is-layout-flex wp-container-core-columns-is-layout-28f84493 wp-block-columns-is-layout-flex\">\n<div class=\"wp-block-column is-layout-flow wp-block-column-is-layout-flow\" style=\"flex-basis:66.66%\">\n<p class=\"has-large-font-size\">Meine Liebe zur Musik galt schon als kleines Kind unter anderem der Volksmusik. Diese Liebe wandelte sich in den Teenie-Jahren immer mehr zur irischen Musik. Nach jahrelangem Besuchen einer Open Session im Shamrock Pub Luzern, folgten erste Auftritten an kleinen Events und die ersten Gigs mit anderen MusikerInnen. Daraus entstand auch das Zusammenspiel mit meiner <a href=\"https:\/\/stevenkrucker.ch\/index.php\/stevens-green\/\" title=\"\">Band Steven&#8217;s Green<\/a>. In der Zwischenzeit spiele ich die meisten Konzerte alleine \u2013 quasi als Alleinunterhalter. Mit Gesang, Gitarre und Mundharmonika bespiele ich Pubs, Bars, Restaurants, Pl\u00e4tze mit Lagerfeuern und Hochzeitlocations. Die Liebe zur Musik tr\u00e4gt mich und inspiriert mich dabei tagt\u00e4glich. <\/p>\n\n\n\n<p class=\"has-large-font-size\">So sind in der Zwischenzeit auch eigene Lieder entstanden \u2013 klassische Pubsongs, aber auch emotionale Lieder, welchen ich den n\u00e4chsten Abschnitt widmen m\u00f6chte.<\/p>\n<\/div>\n\n\n\n<div class=\"wp-block-column is-layout-flow wp-block-column-is-layout-flow\" style=\"flex-basis:33.33%\">\n<figure class=\"wp-block-image size-full is-resized has-custom-border is-style-rounded is-style-rounded--1\" style=\"margin-right:var(--wp--preset--spacing--40);margin-left:var(--wp--preset--spacing--40)\"><img loading=\"lazy\" decoding=\"async\" width=\"1123\" height=\"2560\" src=\"https:\/\/stevenkrucker.ch\/wp-content\/uploads\/2026\/02\/steven_laenglich-scaled.jpg\" alt=\"\" class=\"wp-image-422\" style=\"border-style:none;border-width:0px;border-top-left-radius:56px;border-top-right-radius:56px;border-bottom-left-radius:56px;border-bottom-right-radius:56px;aspect-ratio:0.4386678284441863;width:303px;height:auto\" srcset=\"https:\/\/stevenkrucker.ch\/wp-content\/uploads\/2026\/02\/steven_laenglich-scaled.jpg 1123w, https:\/\/stevenkrucker.ch\/wp-content\/uploads\/2026\/02\/steven_laenglich-132x300.jpg 132w, https:\/\/stevenkrucker.ch\/wp-content\/uploads\/2026\/02\/steven_laenglich-449x1024.jpg 449w, https:\/\/stevenkrucker.ch\/wp-content\/uploads\/2026\/02\/steven_laenglich-768x1751.jpg 768w, https:\/\/stevenkrucker.ch\/wp-content\/uploads\/2026\/02\/steven_laenglich-674x1536.jpg 674w, https:\/\/stevenkrucker.ch\/wp-content\/uploads\/2026\/02\/steven_laenglich-898x2048.jpg 898w\" sizes=\"auto, (max-width: 1123px) 100vw, 1123px\" \/><\/figure>\n<\/div>\n<\/div>\n\n\n\n<h2 class=\"wp-block-heading has-text-align-center has-xx-large-font-size\">Singersongwriter<\/h2>\n\n\n\n<p class=\"has-text-align-center has-large-font-size\">2020 nahm ich erstmals eigene Lieder auf. Der Titelsong meiner ersten Single ist \u00abLife is precious\u00bb. Geschrieben auf einer Bank in einem lokalen Tal w\u00e4hrend der COVID-19 Pandemie, ist das Lied eine Reflexion \u00fcber die Nachrichten, die Schlagzeilen aus dem Norden Italiens machten \u2013 und \u00fcber die Gef\u00fchle, die ich w\u00e4hrend einer Wanderpause an einem sch\u00f6nen Aussichtspunkt in meinem Dorf hatte.<\/p>\n\n\n\n<p class=\"has-text-align-center has-large-font-size\">Das zweite Lied \u00abLeave a light\u00bb habe ich f\u00fcr meine Eltern geschrieben, die mich immer unterst\u00fctzt und gef\u00f6rdert haben. Es handelt davon, dass einem viele Dinge im Kopf herumschwirren und man nicht schlafen kann. In dem Lied gehe ich dann zur\u00fcck in die Kindheit, als ich ohne Licht nicht schlafen konnte.<\/p>\n\n\n\n<p class=\"has-text-align-center has-large-font-size\">Meine zweite Single hei\u00dft \u00abTake me away\u00bb. Es ist ein Folk-Pop-Song \u00fcber den Wunsch, manchmal einfach zu entkommen, aus dieser Welt auszubrechen.<\/p>\n\n\n\n<h2 class=\"wp-block-heading has-text-align-center is-style-default has-xx-large-font-size\" style=\"margin-top:var(--wp--preset--spacing--20);margin-bottom:var(--wp--preset--spacing--20);padding-right:var(--wp--preset--spacing--10);padding-left:var(--wp--preset--spacing--10)\">H\u00f6re meine Lieder<\/h2>\n\n\n\n<figure class=\"wp-block-embed is-type-rich is-provider-spotify wp-block-embed-spotify wp-embed-aspect-21-9 wp-has-aspect-ratio\" style=\"margin-top:var(--wp--preset--spacing--20);margin-right:0;margin-bottom:var(--wp--preset--spacing--20);margin-left:0\"><div class=\"wp-block-embed__wrapper\">\n<iframe title=\"Spotify Embed: Steven Krucker\" style=\"border-radius: 12px\" width=\"100%\" height=\"352\" frameborder=\"0\" allowfullscreen allow=\"autoplay; clipboard-write; encrypted-media; fullscreen; picture-in-picture\" loading=\"lazy\" src=\"https:\/\/open.spotify.com\/embed\/artist\/18losIpxQOkRkm8YOPEM5R?si=G5G52mO9SliFpUJuQLXw2Q&amp;utm_source=oembed\"><\/iframe>\n<\/div><\/figure>\n\n\n\n<div class=\"wp-block-columns is-layout-flex wp-container-core-columns-is-layout-28f84493 wp-block-columns-is-layout-flex\">\n<div class=\"wp-block-column is-layout-flow wp-block-column-is-layout-flow\" style=\"padding-top:var(--wp--preset--spacing--20);padding-bottom:var(--wp--preset--spacing--20)\">\n<figure class=\"wp-block-image aligncenter size-full is-resized\"><a href=\"https:\/\/soundcloud.com\/stevenkrucker\" target=\"_blank\" rel=\"Soundcloud Steven Krucker Music\"><img loading=\"lazy\" decoding=\"async\" width=\"512\" height=\"512\" src=\"https:\/\/stevenkrucker.ch\/wp-content\/uploads\/2026\/02\/145809.png\" alt=\"\" class=\"wp-image-481\" style=\"width:250px\" srcset=\"https:\/\/stevenkrucker.ch\/wp-content\/uploads\/2026\/02\/145809.png 512w, https:\/\/stevenkrucker.ch\/wp-content\/uploads\/2026\/02\/145809-300x300.png 300w, https:\/\/stevenkrucker.ch\/wp-content\/uploads\/2026\/02\/145809-150x150.png 150w\" sizes=\"auto, (max-width: 512px) 100vw, 512px\" \/><\/a><\/figure>\n<\/div>\n\n\n\n<div class=\"wp-block-column is-layout-flow wp-block-column-is-layout-flow\">\n<figure class=\"wp-block-image aligncenter size-large is-resized\" style=\"margin-top:var(--wp--preset--spacing--20);margin-bottom:var(--wp--preset--spacing--20)\"><a href=\"https:\/\/open.spotify.com\/artist\/18losIpxQOkRkm8YOPEM5R\" rel=\"Spotify Steven Krucker Music\"><img loading=\"lazy\" decoding=\"async\" width=\"1024\" height=\"1024\" src=\"https:\/\/stevenkrucker.ch\/wp-content\/uploads\/2026\/02\/Spotify_logo_without_text.svg_-1024x1024.png\" alt=\"\" class=\"wp-image-482\" style=\"object-fit:cover;width:250px;height:250px\" srcset=\"https:\/\/stevenkrucker.ch\/wp-content\/uploads\/2026\/02\/Spotify_logo_without_text.svg_-1024x1024.png 1024w, https:\/\/stevenkrucker.ch\/wp-content\/uploads\/2026\/02\/Spotify_logo_without_text.svg_-300x300.png 300w, https:\/\/stevenkrucker.ch\/wp-content\/uploads\/2026\/02\/Spotify_logo_without_text.svg_-150x150.png 150w, https:\/\/stevenkrucker.ch\/wp-content\/uploads\/2026\/02\/Spotify_logo_without_text.svg_-768x768.png 768w, https:\/\/stevenkrucker.ch\/wp-content\/uploads\/2026\/02\/Spotify_logo_without_text.svg_-1536x1536.png 1536w, https:\/\/stevenkrucker.ch\/wp-content\/uploads\/2026\/02\/Spotify_logo_without_text.svg_-2048x2048.png 2048w\" sizes=\"auto, (max-width: 1024px) 100vw, 1024px\" \/><\/a><\/figure>\n<\/div>\n\n\n\n<div class=\"wp-block-column is-layout-flow wp-block-column-is-layout-flow\" style=\"padding-top:var(--wp--preset--spacing--20);padding-bottom:var(--wp--preset--spacing--20)\">\n<figure class=\"wp-block-image aligncenter size-large is-resized\"><a href=\"https:\/\/music.apple.com\/la\/artist\/steven-krucker\/1518798788\" target=\"_blank\" rel=\"Apple Music Steven Krucker Music\"><img loading=\"lazy\" decoding=\"async\" width=\"1024\" height=\"1024\" src=\"https:\/\/stevenkrucker.ch\/wp-content\/uploads\/2026\/02\/Apple_Music_logo1-1024x1024.png\" alt=\"\" class=\"wp-image-484\" style=\"width:250px\" srcset=\"https:\/\/stevenkrucker.ch\/wp-content\/uploads\/2026\/02\/Apple_Music_logo1-1024x1024.png 1024w, https:\/\/stevenkrucker.ch\/wp-content\/uploads\/2026\/02\/Apple_Music_logo1-300x300.png 300w, https:\/\/stevenkrucker.ch\/wp-content\/uploads\/2026\/02\/Apple_Music_logo1-150x150.png 150w, https:\/\/stevenkrucker.ch\/wp-content\/uploads\/2026\/02\/Apple_Music_logo1-768x768.png 768w, https:\/\/stevenkrucker.ch\/wp-content\/uploads\/2026\/02\/Apple_Music_logo1-1536x1536.png 1536w, https:\/\/stevenkrucker.ch\/wp-content\/uploads\/2026\/02\/Apple_Music_logo1.png 2048w\" sizes=\"auto, (max-width: 1024px) 100vw, 1024px\" \/><\/a><\/figure>\n<\/div>\n<\/div>\n","protected":false},"excerpt":{"rendered":"<p>Musik bedeutet f\u00fcr mich Freude. Diese Freude mit anderen Menschen zu teilen ist f\u00fcr mich das Gr\u00f6sste. Sei es an einem gem\u00fctlichen Pub-Abend, an einem Konzert, einer Geburtstagsfeier, an einem Hochzeit oder an einem Firmenanlass. Ich habe f\u00fcr jeden Anlass das passende Repertoire und sorge f\u00fcr gute Stimmung oder emotionale Momente \u2013 alleine oder als [&hellip;]<\/p>\n","protected":false},"author":1,"featured_media":0,"parent":0,"menu_order":0,"comment_status":"closed","ping_status":"closed","template":"","meta":{"_monsterinsights_skip_tracking":false,"_monsterinsights_sitenote_active":false,"_monsterinsights_sitenote_note":"","_monsterinsights_sitenote_category":0,"footnotes":""},"class_list":["post-366","page","type-page","status-publish","hentry"],"aioseo_notices":[],"_links":{"self":[{"href":"https:\/\/stevenkrucker.ch\/index.php\/wp-json\/wp\/v2\/pages\/366","targetHints":{"allow":["GET"]}}],"collection":[{"href":"https:\/\/stevenkrucker.ch\/index.php\/wp-json\/wp\/v2\/pages"}],"about":[{"href":"https:\/\/stevenkrucker.ch\/index.php\/wp-json\/wp\/v2\/types\/page"}],"author":[{"embeddable":true,"href":"https:\/\/stevenkrucker.ch\/index.php\/wp-json\/wp\/v2\/users\/1"}],"replies":[{"embeddable":true,"href":"https:\/\/stevenkrucker.ch\/index.php\/wp-json\/wp\/v2\/comments?post=366"}],"version-history":[{"count":19,"href":"https:\/\/stevenkrucker.ch\/index.php\/wp-json\/wp\/v2\/pages\/366\/revisions"}],"predecessor-version":[{"id":487,"href":"https:\/\/stevenkrucker.ch\/index.php\/wp-json\/wp\/v2\/pages\/366\/revisions\/487"}],"wp:attachment":[{"href":"https:\/\/stevenkrucker.ch\/index.php\/wp-json\/wp\/v2\/media?parent=366"}],"curies":[{"name":"wp","href":"https:\/\/api.w.org\/{rel}","templated":true}]}}