{"id":41,"date":"2024-01-30T16:01:56","date_gmt":"2024-01-30T16:01:56","guid":{"rendered":"https:\/\/stevenkrucker.ch\/?page_id=41"},"modified":"2026-02-24T22:07:12","modified_gmt":"2026-02-24T21:07:12","slug":"journalismus","status":"publish","type":"page","link":"https:\/\/stevenkrucker.ch\/index.php\/journalismus\/","title":{"rendered":"Journalismus"},"content":{"rendered":"\n<h2 class=\"wp-block-heading alignwide has-text-align-center\" style=\"margin-top:var(--wp--preset--spacing--10);margin-bottom:var(--wp--preset--spacing--10);padding-top:var(--wp--preset--spacing--10);padding-bottom:var(--wp--preset--spacing--10)\">Journalismus<\/h2>\n\n\n\n<div class=\"wp-block-group alignfull has-accent-background-color has-background has-global-padding is-layout-constrained wp-container-core-group-is-layout-669513ed wp-block-group-is-layout-constrained\" style=\"margin-top:0;margin-bottom:0;padding-top:var(--wp--preset--spacing--50);padding-right:var(--wp--preset--spacing--50);padding-bottom:var(--wp--preset--spacing--50);padding-left:var(--wp--preset--spacing--50)\">\n<div class=\"wp-block-columns alignwide is-layout-flex wp-container-core-columns-is-layout-1da03c2a wp-block-columns-is-layout-flex\">\n<div class=\"wp-block-column is-vertically-aligned-stretch is-layout-flow wp-block-column-is-layout-flow\" style=\"flex-basis:50%\">\n<div class=\"wp-block-group is-vertical is-content-justification-stretch is-layout-flex wp-container-core-group-is-layout-444d5ee8 wp-block-group-is-layout-flex\" style=\"min-height:100%\">\n<h3 class=\"wp-block-heading has-x-large-font-size\">Kommentator<\/h3>\n\n\n\n<p class=\"wp-container-content-9cfa9a5a\" style=\"font-size:clamp(0.929rem, 0.929rem + ((1vw - 0.2rem) * 0.785), 1.4rem);\">Seit 2020 bin ich als Radsport-Kommentator bei SRF Sport angestellt. In einem Teilzeitpensum kommentiere ich die wichtigsten Strassenrennen und Bahn-Events der Welt. Die Rundfahrten Tour de France, Giro d&#8217;Italia, Tour de Suisse und Tour de Romandie sind jedes Jahr im Programm von SRF, aber auch die Monumente, Weltmeisterschaften und teilweise die Europameisterschaften. Jedes Rennen hat seinen eigenen Reiz, seine speziellen Eigenheiten. Als Radsport-Fan und aktiver \u00abG\u00fcmmeler\u00bb ist jeder Einsatz ein Highlight, dem ich mit Ehrgeiz, Vorfreude und guter Vorbereitung begegne.<\/p>\n\n\n\n<div class=\"wp-block-group has-global-padding is-content-justification-left is-layout-constrained wp-container-core-group-is-layout-9fe8ed88 wp-block-group-is-layout-constrained\">\n<p class=\"wp-container-content-0733e5d0\"><\/p>\n\n\n\n<div class=\"wp-block-buttons is-layout-flex wp-block-buttons-is-layout-flex\"><\/div>\n<\/div>\n<\/div>\n<\/div>\n\n\n\n<div class=\"wp-block-column is-vertically-aligned-center is-layout-flow wp-block-column-is-layout-flow\" style=\"flex-basis:50%\">\n<figure class=\"wp-block-image size-large is-style-rounded is-style-rounded--1\"><img loading=\"lazy\" decoding=\"async\" width=\"1024\" height=\"683\" src=\"https:\/\/stevenkrucker.ch\/wp-content\/uploads\/2024\/01\/srfspokruckest-1024x683.jpg\" alt=\"\" class=\"wp-image-42\" srcset=\"https:\/\/stevenkrucker.ch\/wp-content\/uploads\/2024\/01\/srfspokruckest-1024x683.jpg 1024w, https:\/\/stevenkrucker.ch\/wp-content\/uploads\/2024\/01\/srfspokruckest-300x200.jpg 300w, https:\/\/stevenkrucker.ch\/wp-content\/uploads\/2024\/01\/srfspokruckest-768x512.jpg 768w, https:\/\/stevenkrucker.ch\/wp-content\/uploads\/2024\/01\/srfspokruckest-1536x1024.jpg 1536w, https:\/\/stevenkrucker.ch\/wp-content\/uploads\/2024\/01\/srfspokruckest-2048x1365.jpg 2048w\" sizes=\"auto, (max-width: 1024px) 100vw, 1024px\" \/><figcaption class=\"wp-element-caption\">Copyright: SRF\/Oscar Alessio<\/figcaption><\/figure>\n<\/div>\n<\/div>\n\n\n\n<p><\/p>\n<\/div>\n\n\n\n<div class=\"wp-block-group alignfull has-base-background-color has-background has-global-padding is-layout-constrained wp-container-core-group-is-layout-d89aad35 wp-block-group-is-layout-constrained\" style=\"margin-top:0;margin-bottom:0;padding-top:var(--wp--preset--spacing--50);padding-right:var(--wp--preset--spacing--50);padding-bottom:var(--wp--preset--spacing--50);padding-left:var(--wp--preset--spacing--50)\">\n<div class=\"wp-block-columns alignwide is-layout-flex wp-container-core-columns-is-layout-1da03c2a wp-block-columns-is-layout-flex\">\n<div class=\"wp-block-column is-vertically-aligned-center is-layout-flow wp-block-column-is-layout-flow\" style=\"flex-basis:60%\">\n<figure class=\"wp-block-image size-full is-style-rounded wp-duotone-unset-3 is-style-rounded--2\"><img loading=\"lazy\" decoding=\"async\" width=\"616\" height=\"424\" src=\"https:\/\/stevenkrucker.ch\/wp-content\/uploads\/2024\/01\/IMG-20230803-WA0006-e1706630393203.jpg\" alt=\"\" class=\"wp-image-44\" srcset=\"https:\/\/stevenkrucker.ch\/wp-content\/uploads\/2024\/01\/IMG-20230803-WA0006-e1706630393203.jpg 616w, https:\/\/stevenkrucker.ch\/wp-content\/uploads\/2024\/01\/IMG-20230803-WA0006-e1706630393203-300x206.jpg 300w\" sizes=\"auto, (max-width: 616px) 100vw, 616px\" \/><\/figure>\n<\/div>\n\n\n\n<div class=\"wp-block-column is-layout-flow wp-block-column-is-layout-flow\" style=\"flex-basis:40%\">\n<h2 class=\"wp-block-heading\">Moderator<\/h2>\n\n\n\n<p style=\"font-size:clamp(0.929rem, 0.929rem + ((1vw - 0.2rem) * 0.785), 1.4rem);\">Ich bin seit \u00fcber 10 Jahren im Sportjournalismus zuhause. Ob Online-Video, Radiosendung oder TV-Beitrag: Ich freue mich auf die Aufgabe und versetzte mich in die Hauptakteure des Beitrages\/Events, versuche sie mit passenden Fragen bestm\u00f6glich in meine Arbeit einfliessen zu lassen.<\/p>\n\n\n\n<p style=\"font-size:clamp(0.929rem, 0.929rem + ((1vw - 0.2rem) * 0.785), 1.4rem);\">Ob Podiumsdiskussion, Eventmoderation oder eine andere Aufgabe &#8211; ich bin offen und bereit f\u00fcr jedes Themenfeld.<\/p>\n\n\n\n<div class=\"wp-block-buttons is-layout-flex wp-block-buttons-is-layout-flex\"><\/div>\n<\/div>\n<\/div>\n<\/div>\n\n\n\n<div class=\"wp-block-group alignfull has-accent-5-background-color has-background has-global-padding is-layout-constrained wp-container-core-group-is-layout-d89aad35 wp-block-group-is-layout-constrained\" style=\"margin-top:0;margin-bottom:0;padding-top:var(--wp--preset--spacing--50);padding-right:var(--wp--preset--spacing--50);padding-bottom:var(--wp--preset--spacing--50);padding-left:var(--wp--preset--spacing--50)\">\n<div class=\"wp-block-columns alignwide are-vertically-aligned-center is-layout-flex wp-container-core-columns-is-layout-47c06fe3 wp-block-columns-is-layout-flex\">\n<div class=\"wp-block-column is-vertically-aligned-center is-layout-flow wp-block-column-is-layout-flow\" style=\"flex-basis:50%\">\n<h2 class=\"wp-block-heading\">Speaker <\/h2>\n\n\n\n<p style=\"font-size:clamp(0.929rem, 0.929rem + ((1vw - 0.2rem) * 0.785), 1.4rem);\">Gerne stehe ich auch als Speaker zur Verf\u00fcgung und belebe Ihren Anlass mit meiner Stimme mit. Meine Mehrsprachigkeit, Allgemein- und Sportwissen erm\u00f6glicht einen kompetenten Auftritt mit guter Vorbereitung und der n\u00f6tigen Spontanit\u00e4t und Flexibilit\u00e4t.<\/p>\n\n\n\n<div class=\"wp-block-buttons is-layout-flex wp-block-buttons-is-layout-flex\"><\/div>\n<\/div>\n\n\n\n<div class=\"wp-block-column is-vertically-aligned-center is-layout-flow wp-block-column-is-layout-flow\" style=\"flex-basis:50%\">\n<figure class=\"wp-block-image alignleft size-full is-style-rounded is-style-rounded--4\" style=\"margin-top:0;margin-right:0;margin-bottom:0;margin-left:0\"><img loading=\"lazy\" decoding=\"async\" width=\"1337\" height=\"741\" src=\"https:\/\/stevenkrucker.ch\/wp-content\/uploads\/2024\/07\/fa61ec5d-f702-45ef-9756-ec93ccb588d5_2.jpg\" alt=\"\" class=\"wp-image-240\" srcset=\"https:\/\/stevenkrucker.ch\/wp-content\/uploads\/2024\/07\/fa61ec5d-f702-45ef-9756-ec93ccb588d5_2.jpg 1337w, https:\/\/stevenkrucker.ch\/wp-content\/uploads\/2024\/07\/fa61ec5d-f702-45ef-9756-ec93ccb588d5_2-300x166.jpg 300w, https:\/\/stevenkrucker.ch\/wp-content\/uploads\/2024\/07\/fa61ec5d-f702-45ef-9756-ec93ccb588d5_2-1024x568.jpg 1024w, https:\/\/stevenkrucker.ch\/wp-content\/uploads\/2024\/07\/fa61ec5d-f702-45ef-9756-ec93ccb588d5_2-768x426.jpg 768w\" sizes=\"auto, (max-width: 1337px) 100vw, 1337px\" \/><\/figure>\n<\/div>\n<\/div>\n<\/div>\n\n\n\n<h2 class=\"wp-block-heading has-text-align-center\">Habe ich Ihr Interesse geweckt? <a href=\"https:\/\/stevenkrucker.ch\/index.php\/kontakt\/\" title=\"\">Dann kontaktiere mich<\/a>. Gerne stehe ich f\u00fcr ein Gespr\u00e4ch zur Verf\u00fcgung.<\/h2>\n\n\n\n<hr class=\"wp-block-separator has-alpha-channel-opacity\" style=\"margin-top:var(--wp--preset--spacing--50);margin-bottom:var(--wp--preset--spacing--50)\"\/>\n\n\n\n<h2 class=\"wp-block-heading has-text-align-center has-xx-large-font-size\" style=\"margin-top:var(--wp--preset--spacing--30);margin-right:0;margin-bottom:var(--wp--preset--spacing--30);margin-left:0\">Bildergalerie<\/h2>\n\n\n\n<div class=\"wp-block-group alignfull has-global-padding is-layout-constrained wp-container-core-group-is-layout-b25ccd55 wp-block-group-is-layout-constrained\" style=\"margin-top:0;margin-bottom:0;padding-top:var(--wp--preset--spacing--50);padding-right:var(--wp--preset--spacing--50);padding-bottom:var(--wp--preset--spacing--50);padding-left:var(--wp--preset--spacing--50)\">\n<div class=\"wp-block-columns alignwide is-layout-flex wp-container-core-columns-is-layout-ff4b9c61 wp-block-columns-is-layout-flex\" style=\"margin-top:0;margin-bottom:0\">\n<div class=\"wp-block-column is-layout-flow wp-container-core-column-is-layout-8a368f38 wp-block-column-is-layout-flow\">\n<figure class=\"wp-block-image size-large is-style-rounded is-style-rounded--5\"><img loading=\"lazy\" decoding=\"async\" width=\"1024\" height=\"1024\" src=\"https:\/\/stevenkrucker.ch\/wp-content\/uploads\/2026\/02\/1712390300140-1024x1024.jpg\" alt=\"\" class=\"wp-image-404\" srcset=\"https:\/\/stevenkrucker.ch\/wp-content\/uploads\/2026\/02\/1712390300140-1024x1024.jpg 1024w, https:\/\/stevenkrucker.ch\/wp-content\/uploads\/2026\/02\/1712390300140-300x300.jpg 300w, https:\/\/stevenkrucker.ch\/wp-content\/uploads\/2026\/02\/1712390300140-150x150.jpg 150w, https:\/\/stevenkrucker.ch\/wp-content\/uploads\/2026\/02\/1712390300140-768x768.jpg 768w, https:\/\/stevenkrucker.ch\/wp-content\/uploads\/2026\/02\/1712390300140.jpg 1080w\" sizes=\"auto, (max-width: 1024px) 100vw, 1024px\" \/><\/figure>\n\n\n\n<div style=\"height:var(--wp--preset--spacing--50)\" aria-hidden=\"true\" class=\"wp-block-spacer\"><\/div>\n\n\n\n<figure class=\"wp-block-image size-full is-resized is-style-rounded is-style-rounded--6\"><img loading=\"lazy\" decoding=\"async\" width=\"1920\" height=\"1080\" src=\"https:\/\/stevenkrucker.ch\/wp-content\/uploads\/2026\/02\/Download-3.jpg\" alt=\"\" class=\"wp-image-398\" style=\"aspect-ratio:4\/3;object-fit:cover;width:574px;height:auto\" srcset=\"https:\/\/stevenkrucker.ch\/wp-content\/uploads\/2026\/02\/Download-3.jpg 1920w, https:\/\/stevenkrucker.ch\/wp-content\/uploads\/2026\/02\/Download-3-300x169.jpg 300w, https:\/\/stevenkrucker.ch\/wp-content\/uploads\/2026\/02\/Download-3-1024x576.jpg 1024w, https:\/\/stevenkrucker.ch\/wp-content\/uploads\/2026\/02\/Download-3-768x432.jpg 768w, https:\/\/stevenkrucker.ch\/wp-content\/uploads\/2026\/02\/Download-3-1536x864.jpg 1536w\" sizes=\"auto, (max-width: 1920px) 100vw, 1920px\" \/><\/figure>\n<\/div>\n\n\n\n<div class=\"wp-block-column is-layout-flow wp-container-core-column-is-layout-8a368f38 wp-block-column-is-layout-flow\">\n<div style=\"height:var(--wp--preset--spacing--50)\" aria-hidden=\"true\" class=\"wp-block-spacer\"><\/div>\n\n\n\n<figure class=\"wp-block-image size-large is-resized is-style-rounded is-style-rounded--7\"><img loading=\"lazy\" decoding=\"async\" width=\"586\" height=\"1024\" src=\"https:\/\/stevenkrucker.ch\/wp-content\/uploads\/2026\/02\/1675793415250-586x1024.jpg\" alt=\"\" class=\"wp-image-396\" style=\"aspect-ratio:0.6666666666666666;object-fit:cover;width:581px;height:auto\" srcset=\"https:\/\/stevenkrucker.ch\/wp-content\/uploads\/2026\/02\/1675793415250-586x1024.jpg 586w, https:\/\/stevenkrucker.ch\/wp-content\/uploads\/2026\/02\/1675793415250-172x300.jpg 172w, https:\/\/stevenkrucker.ch\/wp-content\/uploads\/2026\/02\/1675793415250-768x1341.jpg 768w, https:\/\/stevenkrucker.ch\/wp-content\/uploads\/2026\/02\/1675793415250.jpg 800w\" sizes=\"auto, (max-width: 586px) 100vw, 586px\" \/><\/figure>\n\n\n\n<figure class=\"wp-block-image size-large is-style-rounded is-style-rounded--8\" style=\"margin-top:var(--wp--preset--spacing--30);margin-bottom:var(--wp--preset--spacing--30)\"><img loading=\"lazy\" decoding=\"async\" width=\"1024\" height=\"1024\" src=\"https:\/\/stevenkrucker.ch\/wp-content\/uploads\/2026\/02\/1720429232148-1024x1024.jpg\" alt=\"\" class=\"wp-image-401\" style=\"aspect-ratio:3\/2;object-fit:cover\" srcset=\"https:\/\/stevenkrucker.ch\/wp-content\/uploads\/2026\/02\/1720429232148-1024x1024.jpg 1024w, https:\/\/stevenkrucker.ch\/wp-content\/uploads\/2026\/02\/1720429232148-300x300.jpg 300w, https:\/\/stevenkrucker.ch\/wp-content\/uploads\/2026\/02\/1720429232148-150x150.jpg 150w, https:\/\/stevenkrucker.ch\/wp-content\/uploads\/2026\/02\/1720429232148-768x768.jpg 768w, https:\/\/stevenkrucker.ch\/wp-content\/uploads\/2026\/02\/1720429232148.jpg 1080w\" sizes=\"auto, (max-width: 1024px) 100vw, 1024px\" \/><\/figure>\n<\/div>\n<\/div>\n\n\n\n<div class=\"wp-block-group alignfull has-global-padding is-layout-constrained wp-container-core-group-is-layout-e130e798 wp-block-group-is-layout-constrained\" style=\"margin-top:0;margin-bottom:0;padding-top:0;padding-right:var(--wp--preset--spacing--50);padding-bottom:0;padding-left:var(--wp--preset--spacing--50)\">\n<div class=\"wp-block-columns alignwide is-layout-flex wp-container-core-columns-is-layout-ff4b9c61 wp-block-columns-is-layout-flex\" style=\"margin-top:0;margin-bottom:0\">\n<div class=\"wp-block-column is-layout-flow wp-container-core-column-is-layout-8a368f38 wp-block-column-is-layout-flow\">\n<figure class=\"wp-block-image size-full is-style-rounded is-style-rounded--9\"><img loading=\"lazy\" decoding=\"async\" width=\"960\" height=\"540\" src=\"https:\/\/stevenkrucker.ch\/wp-content\/uploads\/2026\/02\/Download-1.jpg\" alt=\"\" class=\"wp-image-394\" srcset=\"https:\/\/stevenkrucker.ch\/wp-content\/uploads\/2026\/02\/Download-1.jpg 960w, https:\/\/stevenkrucker.ch\/wp-content\/uploads\/2026\/02\/Download-1-300x169.jpg 300w, https:\/\/stevenkrucker.ch\/wp-content\/uploads\/2026\/02\/Download-1-768x432.jpg 768w\" sizes=\"auto, (max-width: 960px) 100vw, 960px\" \/><\/figure>\n\n\n\n<div style=\"height:var(--wp--preset--spacing--50)\" aria-hidden=\"true\" class=\"wp-block-spacer\"><\/div>\n\n\n\n<figure class=\"wp-block-image size-large is-style-rounded is-style-rounded--10\"><img loading=\"lazy\" decoding=\"async\" width=\"1024\" height=\"509\" src=\"https:\/\/stevenkrucker.ch\/wp-content\/uploads\/2026\/02\/1750682464448-1024x509.jpg\" alt=\"\" class=\"wp-image-400\" srcset=\"https:\/\/stevenkrucker.ch\/wp-content\/uploads\/2026\/02\/1750682464448-1024x509.jpg 1024w, https:\/\/stevenkrucker.ch\/wp-content\/uploads\/2026\/02\/1750682464448-300x149.jpg 300w, https:\/\/stevenkrucker.ch\/wp-content\/uploads\/2026\/02\/1750682464448-768x382.jpg 768w, https:\/\/stevenkrucker.ch\/wp-content\/uploads\/2026\/02\/1750682464448-1536x764.jpg 1536w, https:\/\/stevenkrucker.ch\/wp-content\/uploads\/2026\/02\/1750682464448.jpg 1661w\" sizes=\"auto, (max-width: 1024px) 100vw, 1024px\" \/><\/figure>\n\n\n\n<figure class=\"wp-block-image size-large is-style-rounded is-style-rounded--11\" style=\"margin-top:var(--wp--preset--spacing--50);margin-bottom:var(--wp--preset--spacing--50)\"><img loading=\"lazy\" decoding=\"async\" width=\"1024\" height=\"683\" src=\"https:\/\/stevenkrucker.ch\/wp-content\/uploads\/2024\/10\/f8607aa4-355a-4305-99f3-0a7edb2b77cf-1024x683.webp\" alt=\"Bild: Irene Infanger (Ennetb\u00fcrgen, 25. 10. 2025)\" class=\"wp-image-289\" srcset=\"https:\/\/stevenkrucker.ch\/wp-content\/uploads\/2024\/10\/f8607aa4-355a-4305-99f3-0a7edb2b77cf-1024x683.webp 1024w, https:\/\/stevenkrucker.ch\/wp-content\/uploads\/2024\/10\/f8607aa4-355a-4305-99f3-0a7edb2b77cf-300x200.webp 300w, https:\/\/stevenkrucker.ch\/wp-content\/uploads\/2024\/10\/f8607aa4-355a-4305-99f3-0a7edb2b77cf-768x512.webp 768w, https:\/\/stevenkrucker.ch\/wp-content\/uploads\/2024\/10\/f8607aa4-355a-4305-99f3-0a7edb2b77cf.webp 1360w\" sizes=\"auto, (max-width: 1024px) 100vw, 1024px\" \/><figcaption class=\"wp-element-caption\">Bild: Irene Infanger (Ennetb\u00fcrgen, 25. 10. 2025)<\/figcaption><\/figure>\n<\/div>\n\n\n\n<div class=\"wp-block-column is-layout-flow wp-container-core-column-is-layout-8a368f38 wp-block-column-is-layout-flow\">\n<div style=\"height:var(--wp--preset--spacing--50)\" aria-hidden=\"true\" class=\"wp-block-spacer\"><\/div>\n\n\n\n<figure class=\"wp-block-image size-full is-style-rounded is-style-rounded--12\"><img loading=\"lazy\" decoding=\"async\" width=\"1600\" height=\"900\" src=\"https:\/\/stevenkrucker.ch\/wp-content\/uploads\/2026\/02\/1675793400844.jpg\" alt=\"\" class=\"wp-image-402\" style=\"aspect-ratio:4\/3;object-fit:cover\" srcset=\"https:\/\/stevenkrucker.ch\/wp-content\/uploads\/2026\/02\/1675793400844.jpg 1600w, https:\/\/stevenkrucker.ch\/wp-content\/uploads\/2026\/02\/1675793400844-300x169.jpg 300w, https:\/\/stevenkrucker.ch\/wp-content\/uploads\/2026\/02\/1675793400844-1024x576.jpg 1024w, https:\/\/stevenkrucker.ch\/wp-content\/uploads\/2026\/02\/1675793400844-768x432.jpg 768w, https:\/\/stevenkrucker.ch\/wp-content\/uploads\/2026\/02\/1675793400844-1536x864.jpg 1536w\" sizes=\"auto, (max-width: 1600px) 100vw, 1600px\" \/><\/figure>\n\n\n\n<div style=\"height:var(--wp--preset--spacing--50)\" aria-hidden=\"true\" class=\"wp-block-spacer\"><\/div>\n\n\n\n<figure class=\"wp-block-image size-large is-style-rounded is-style-rounded--13\"><img loading=\"lazy\" decoding=\"async\" width=\"1024\" height=\"576\" src=\"https:\/\/stevenkrucker.ch\/wp-content\/uploads\/2026\/02\/Download-2-1024x576.jpg\" alt=\"\" class=\"wp-image-399\" style=\"aspect-ratio:4\/3;object-fit:cover\" srcset=\"https:\/\/stevenkrucker.ch\/wp-content\/uploads\/2026\/02\/Download-2-1024x576.jpg 1024w, https:\/\/stevenkrucker.ch\/wp-content\/uploads\/2026\/02\/Download-2-300x169.jpg 300w, https:\/\/stevenkrucker.ch\/wp-content\/uploads\/2026\/02\/Download-2-768x432.jpg 768w, https:\/\/stevenkrucker.ch\/wp-content\/uploads\/2026\/02\/Download-2-1536x864.jpg 1536w, https:\/\/stevenkrucker.ch\/wp-content\/uploads\/2026\/02\/Download-2.jpg 1920w\" sizes=\"auto, (max-width: 1024px) 100vw, 1024px\" \/><\/figure>\n<\/div>\n<\/div>\n<\/div>\n<\/div>\n\n\n\n<ul class=\"wp-block-social-links aligncenter is-layout-flex wp-block-social-links-is-layout-flex\"><li class=\"wp-social-link wp-social-link-linkedin  wp-block-social-link\"><a href=\"https:\/\/www.linkedin.com\/in\/steven-krucker-1a7303265\/\" class=\"wp-block-social-link-anchor\"><svg width=\"24\" height=\"24\" viewBox=\"0 0 24 24\" version=\"1.1\" xmlns=\"http:\/\/www.w3.org\/2000\/svg\" aria-hidden=\"true\" focusable=\"false\"><path d=\"M19.7,3H4.3C3.582,3,3,3.582,3,4.3v15.4C3,20.418,3.582,21,4.3,21h15.4c0.718,0,1.3-0.582,1.3-1.3V4.3 C21,3.582,20.418,3,19.7,3z M8.339,18.338H5.667v-8.59h2.672V18.338z M7.004,8.574c-0.857,0-1.549-0.694-1.549-1.548 c0-0.855,0.691-1.548,1.549-1.548c0.854,0,1.547,0.694,1.547,1.548C8.551,7.881,7.858,8.574,7.004,8.574z M18.339,18.338h-2.669 v-4.177c0-0.996-0.017-2.278-1.387-2.278c-1.389,0-1.601,1.086-1.601,2.206v4.249h-2.667v-8.59h2.559v1.174h0.037 c0.356-0.675,1.227-1.387,2.526-1.387c2.703,0,3.203,1.779,3.203,4.092V18.338z\"><\/path><\/svg><span class=\"wp-block-social-link-label screen-reader-text\">LinkedIn<\/span><\/a><\/li>\n\n<li class=\"wp-social-link wp-social-link-instagram  wp-block-social-link\"><a href=\"https:\/\/www.instagram.com\/stevenkruckermusic\/\" class=\"wp-block-social-link-anchor\"><svg width=\"24\" height=\"24\" viewBox=\"0 0 24 24\" version=\"1.1\" xmlns=\"http:\/\/www.w3.org\/2000\/svg\" aria-hidden=\"true\" focusable=\"false\"><path d=\"M12,4.622c2.403,0,2.688,0.009,3.637,0.052c0.877,0.04,1.354,0.187,1.671,0.31c0.42,0.163,0.72,0.358,1.035,0.673 c0.315,0.315,0.51,0.615,0.673,1.035c0.123,0.317,0.27,0.794,0.31,1.671c0.043,0.949,0.052,1.234,0.052,3.637 s-0.009,2.688-0.052,3.637c-0.04,0.877-0.187,1.354-0.31,1.671c-0.163,0.42-0.358,0.72-0.673,1.035 c-0.315,0.315-0.615,0.51-1.035,0.673c-0.317,0.123-0.794,0.27-1.671,0.31c-0.949,0.043-1.233,0.052-3.637,0.052 s-2.688-0.009-3.637-0.052c-0.877-0.04-1.354-0.187-1.671-0.31c-0.42-0.163-0.72-0.358-1.035-0.673 c-0.315-0.315-0.51-0.615-0.673-1.035c-0.123-0.317-0.27-0.794-0.31-1.671C4.631,14.688,4.622,14.403,4.622,12 s0.009-2.688,0.052-3.637c0.04-0.877,0.187-1.354,0.31-1.671c0.163-0.42,0.358-0.72,0.673-1.035 c0.315-0.315,0.615-0.51,1.035-0.673c0.317-0.123,0.794-0.27,1.671-0.31C9.312,4.631,9.597,4.622,12,4.622 M12,3 C9.556,3,9.249,3.01,8.289,3.054C7.331,3.098,6.677,3.25,6.105,3.472C5.513,3.702,5.011,4.01,4.511,4.511 c-0.5,0.5-0.808,1.002-1.038,1.594C3.25,6.677,3.098,7.331,3.054,8.289C3.01,9.249,3,9.556,3,12c0,2.444,0.01,2.751,0.054,3.711 c0.044,0.958,0.196,1.612,0.418,2.185c0.23,0.592,0.538,1.094,1.038,1.594c0.5,0.5,1.002,0.808,1.594,1.038 c0.572,0.222,1.227,0.375,2.185,0.418C9.249,20.99,9.556,21,12,21s2.751-0.01,3.711-0.054c0.958-0.044,1.612-0.196,2.185-0.418 c0.592-0.23,1.094-0.538,1.594-1.038c0.5-0.5,0.808-1.002,1.038-1.594c0.222-0.572,0.375-1.227,0.418-2.185 C20.99,14.751,21,14.444,21,12s-0.01-2.751-0.054-3.711c-0.044-0.958-0.196-1.612-0.418-2.185c-0.23-0.592-0.538-1.094-1.038-1.594 c-0.5-0.5-1.002-0.808-1.594-1.038c-0.572-0.222-1.227-0.375-2.185-0.418C14.751,3.01,14.444,3,12,3L12,3z M12,7.378 c-2.552,0-4.622,2.069-4.622,4.622S9.448,16.622,12,16.622s4.622-2.069,4.622-4.622S14.552,7.378,12,7.378z M12,15 c-1.657,0-3-1.343-3-3s1.343-3,3-3s3,1.343,3,3S13.657,15,12,15z M16.804,6.116c-0.596,0-1.08,0.484-1.08,1.08 s0.484,1.08,1.08,1.08c0.596,0,1.08-0.484,1.08-1.08S17.401,6.116,16.804,6.116z\"><\/path><\/svg><span class=\"wp-block-social-link-label screen-reader-text\">Instagram<\/span><\/a><\/li><\/ul>\n","protected":false},"excerpt":{"rendered":"<p>Journalismus Kommentator Seit 2020 bin ich als Radsport-Kommentator bei SRF Sport angestellt. In einem Teilzeitpensum kommentiere ich die wichtigsten Strassenrennen und Bahn-Events der Welt. Die Rundfahrten Tour de France, Giro d&#8217;Italia, Tour de Suisse und Tour de Romandie sind jedes Jahr im Programm von SRF, aber auch die Monumente, Weltmeisterschaften und teilweise die Europameisterschaften. Jedes [&hellip;]<\/p>\n","protected":false},"author":1,"featured_media":0,"parent":0,"menu_order":0,"comment_status":"closed","ping_status":"closed","template":"page-no-title","meta":{"_monsterinsights_skip_tracking":false,"_monsterinsights_sitenote_active":false,"_monsterinsights_sitenote_note":"","_monsterinsights_sitenote_category":0,"footnotes":""},"class_list":["post-41","page","type-page","status-publish","hentry"],"aioseo_notices":[],"_links":{"self":[{"href":"https:\/\/stevenkrucker.ch\/index.php\/wp-json\/wp\/v2\/pages\/41","targetHints":{"allow":["GET"]}}],"collection":[{"href":"https:\/\/stevenkrucker.ch\/index.php\/wp-json\/wp\/v2\/pages"}],"about":[{"href":"https:\/\/stevenkrucker.ch\/index.php\/wp-json\/wp\/v2\/types\/page"}],"author":[{"embeddable":true,"href":"https:\/\/stevenkrucker.ch\/index.php\/wp-json\/wp\/v2\/users\/1"}],"replies":[{"embeddable":true,"href":"https:\/\/stevenkrucker.ch\/index.php\/wp-json\/wp\/v2\/comments?post=41"}],"version-history":[{"count":23,"href":"https:\/\/stevenkrucker.ch\/index.php\/wp-json\/wp\/v2\/pages\/41\/revisions"}],"predecessor-version":[{"id":467,"href":"https:\/\/stevenkrucker.ch\/index.php\/wp-json\/wp\/v2\/pages\/41\/revisions\/467"}],"wp:attachment":[{"href":"https:\/\/stevenkrucker.ch\/index.php\/wp-json\/wp\/v2\/media?parent=41"}],"curies":[{"name":"wp","href":"https:\/\/api.w.org\/{rel}","templated":true}]}}