{"id":46,"date":"2024-01-30T16:02:34","date_gmt":"2024-01-30T16:02:34","guid":{"rendered":"https:\/\/stevenkrucker.ch\/?page_id=46"},"modified":"2026-02-24T21:50:36","modified_gmt":"2026-02-24T20:50:36","slug":"kontakt","status":"publish","type":"page","link":"https:\/\/stevenkrucker.ch\/index.php\/kontakt\/","title":{"rendered":"Kontakt"},"content":{"rendered":"\n<p>Du hast einen Event und m\u00f6chtest einen Soloact buchen? Dann bin ich genau richtig. Ob Hochzeit, Geburtstag, Pub-Abend oder Konzert \u2013 ich habe das passende Repertoire und die Auftrittskompetenz. Partystimmung und Publikumsanimation liebe ich genauso, wie emotional ber\u00fchrende, ruhige Momente. Nat\u00fcrlich stehe ich auch f\u00fcr Moderationen und als Speaker zur Verf\u00fcgung. Ich freue mich \u00fcber eine Nachricht von dir.<\/p>\n\n\n\n<p><em>Herzliche Gr\u00fcsse, Steven<\/em><\/p>\n\n\n<div class=\"forminator-ui forminator-custom-form forminator-custom-form-257 forminator-design--bold  forminator_ajax\" data-forminator-render=\"0\" data-form=\"forminator-module-257\" data-uid=\"69e884af4dc29\"><br\/><\/div><form\n\t\t\t\tid=\"forminator-module-257\"\n\t\t\t\tclass=\"forminator-ui forminator-custom-form forminator-custom-form-257 forminator-design--bold  forminator_ajax\"\n\t\t\t\tmethod=\"post\"\n\t\t\t\tdata-forminator-render=\"0\"\n\t\t\t\tdata-form-id=\"257\"\n\t\t\t\t data-color-option=\"default\" data-design=\"bold\" data-grid=\"open\" style=\"display: none;\"\n\t\t\t\tdata-uid=\"69e884af4dc29\"\n\t\t\t><div role=\"alert\" aria-live=\"polite\" class=\"forminator-response-message forminator-error\" aria-hidden=\"true\"><\/div><div class=\"forminator-row\"><div id=\"name-1\" class=\"forminator-field-name forminator-col forminator-col-12 \"><div class=\"forminator-row forminator-no-margin\" data-multiple=\"true\"><div class=\"forminator-col forminator-col-md-6\"><div class=\"forminator-field\"><label for=\"forminator-field-first-name-1_69e884af4dc29\" id=\"forminator-field-first-name-1_69e884af4dc29-label\" class=\"forminator-label\">Vorname<\/label><input type=\"text\" name=\"name-1-first-name\" placeholder=\"z. B. Max\" id=\"forminator-field-first-name-1_69e884af4dc29\" class=\"forminator-input\" aria-required=\"false\" data-multi=\"1\" autocomplete=\"given-name\" value=\"\" \/><\/div><\/div><div class=\"forminator-col forminator-col-md-6\"><div class=\"forminator-field\"><label for=\"forminator-field-last-name-1_69e884af4dc29\" id=\"forminator-field-last-name-1_69e884af4dc29-label\" class=\"forminator-label\">Nachname<\/label><input type=\"text\" name=\"name-1-last-name\" placeholder=\"z. B. Mustermann\" id=\"forminator-field-last-name-1_69e884af4dc29\" class=\"forminator-input\" aria-required=\"false\" data-multi=\"1\" autocomplete=\"family-name\" value=\"\" \/><\/div><\/div><\/div><\/div><\/div><div class=\"forminator-row\"><div id=\"email-1\" class=\"forminator-field-email forminator-col forminator-col-12 \"><div class=\"forminator-field\"><label for=\"forminator-field-email-1_69e884af4dc29\" id=\"forminator-field-email-1_69e884af4dc29-label\" class=\"forminator-label\">E-Mail-Adresse <span class=\"forminator-required\">*<\/span><\/label><input type=\"email\" name=\"email-1\" value=\"\" placeholder=\"z. B. max@mustermann.ch\" id=\"forminator-field-email-1_69e884af4dc29\" class=\"forminator-input forminator-email--field\" data-required=\"true\" aria-required=\"true\" autocomplete=\"email\" \/><\/div><\/div><\/div><div class=\"forminator-row\"><div id=\"phone-1\" class=\"forminator-field-phone forminator-col forminator-col-12 \"><div class=\"forminator-field\"><label for=\"forminator-field-phone-1_69e884af4dc29\" id=\"forminator-field-phone-1_69e884af4dc29-label\" class=\"forminator-label\">Telefonnummer<\/label><input type=\"text\" name=\"phone-1\" value=\"\" placeholder=\"z. B. +41 41 699 99 99\" id=\"forminator-field-phone-1_69e884af4dc29\" class=\"forminator-input forminator-field--phone\" data-required=\"\" aria-required=\"false\" autocomplete=\"off\" \/><\/div><\/div><\/div><div class=\"forminator-row\"><div id=\"textarea-1\" class=\"forminator-field-textarea forminator-col forminator-col-12 \"><div class=\"forminator-field\"><label for=\"forminator-field-textarea-1_69e884af4dc29\" id=\"forminator-field-textarea-1_69e884af4dc29-label\" class=\"forminator-label\">Nachricht<\/label><textarea name=\"textarea-1\" placeholder=\"Gib deine Nachricht ein...\" id=\"forminator-field-textarea-1_69e884af4dc29\" class=\"forminator-textarea\" rows=\"6\" style=\"min-height:140px;\" maxlength=\"180\" ><\/textarea><span id=\"forminator-field-textarea-1_69e884af4dc29-description\" class=\"forminator-description\"><span data-limit=\"180\" data-type=\"characters\" data-editor=\"\">0 \/ 180<\/span><\/span><\/div><\/div><\/div><input type=\"hidden\" name=\"referer_url\" value=\"\" \/><div class=\"forminator-row forminator-row-last\"><div class=\"forminator-col\"><div class=\"forminator-field\"><button class=\"forminator-button forminator-button-submit\">Nachricht senden<\/button><\/div><\/div><\/div><input type=\"hidden\" id=\"forminator_nonce\" name=\"forminator_nonce\" value=\"52d13ba159\" \/><input type=\"hidden\" name=\"_wp_http_referer\" value=\"\/index.php\/wp-json\/wp\/v2\/pages\/46\" \/><input type=\"hidden\" name=\"form_id\" value=\"257\"><input type=\"hidden\" name=\"page_id\" value=\"46\"><input type=\"hidden\" name=\"form_type\" value=\"default\"><input type=\"hidden\" name=\"current_url\" value=\"https:\/\/stevenkrucker.ch\/index.php\/kontakt\/\"><input type=\"hidden\" name=\"render_id\" value=\"0\"><input type=\"hidden\" name=\"action\" value=\"forminator_submit_form_custom-forms\"><\/form>\n\n\n\n<ul class=\"wp-block-social-links aligncenter is-layout-flex wp-block-social-links-is-layout-flex\"><li class=\"wp-social-link wp-social-link-linkedin  wp-block-social-link\"><a href=\"https:\/\/www.linkedin.com\/in\/steven-krucker-1a7303265\/\" class=\"wp-block-social-link-anchor\"><svg width=\"24\" height=\"24\" viewBox=\"0 0 24 24\" version=\"1.1\" xmlns=\"http:\/\/www.w3.org\/2000\/svg\" aria-hidden=\"true\" focusable=\"false\"><path d=\"M19.7,3H4.3C3.582,3,3,3.582,3,4.3v15.4C3,20.418,3.582,21,4.3,21h15.4c0.718,0,1.3-0.582,1.3-1.3V4.3 C21,3.582,20.418,3,19.7,3z M8.339,18.338H5.667v-8.59h2.672V18.338z M7.004,8.574c-0.857,0-1.549-0.694-1.549-1.548 c0-0.855,0.691-1.548,1.549-1.548c0.854,0,1.547,0.694,1.547,1.548C8.551,7.881,7.858,8.574,7.004,8.574z M18.339,18.338h-2.669 v-4.177c0-0.996-0.017-2.278-1.387-2.278c-1.389,0-1.601,1.086-1.601,2.206v4.249h-2.667v-8.59h2.559v1.174h0.037 c0.356-0.675,1.227-1.387,2.526-1.387c2.703,0,3.203,1.779,3.203,4.092V18.338z\"><\/path><\/svg><span class=\"wp-block-social-link-label screen-reader-text\">LinkedIn<\/span><\/a><\/li>\n\n<li class=\"wp-social-link wp-social-link-instagram  wp-block-social-link\"><a href=\"https:\/\/www.instagram.com\/stevenkruckermusic\/\" class=\"wp-block-social-link-anchor\"><svg width=\"24\" height=\"24\" viewBox=\"0 0 24 24\" version=\"1.1\" xmlns=\"http:\/\/www.w3.org\/2000\/svg\" aria-hidden=\"true\" focusable=\"false\"><path d=\"M12,4.622c2.403,0,2.688,0.009,3.637,0.052c0.877,0.04,1.354,0.187,1.671,0.31c0.42,0.163,0.72,0.358,1.035,0.673 c0.315,0.315,0.51,0.615,0.673,1.035c0.123,0.317,0.27,0.794,0.31,1.671c0.043,0.949,0.052,1.234,0.052,3.637 s-0.009,2.688-0.052,3.637c-0.04,0.877-0.187,1.354-0.31,1.671c-0.163,0.42-0.358,0.72-0.673,1.035 c-0.315,0.315-0.615,0.51-1.035,0.673c-0.317,0.123-0.794,0.27-1.671,0.31c-0.949,0.043-1.233,0.052-3.637,0.052 s-2.688-0.009-3.637-0.052c-0.877-0.04-1.354-0.187-1.671-0.31c-0.42-0.163-0.72-0.358-1.035-0.673 c-0.315-0.315-0.51-0.615-0.673-1.035c-0.123-0.317-0.27-0.794-0.31-1.671C4.631,14.688,4.622,14.403,4.622,12 s0.009-2.688,0.052-3.637c0.04-0.877,0.187-1.354,0.31-1.671c0.163-0.42,0.358-0.72,0.673-1.035 c0.315-0.315,0.615-0.51,1.035-0.673c0.317-0.123,0.794-0.27,1.671-0.31C9.312,4.631,9.597,4.622,12,4.622 M12,3 C9.556,3,9.249,3.01,8.289,3.054C7.331,3.098,6.677,3.25,6.105,3.472C5.513,3.702,5.011,4.01,4.511,4.511 c-0.5,0.5-0.808,1.002-1.038,1.594C3.25,6.677,3.098,7.331,3.054,8.289C3.01,9.249,3,9.556,3,12c0,2.444,0.01,2.751,0.054,3.711 c0.044,0.958,0.196,1.612,0.418,2.185c0.23,0.592,0.538,1.094,1.038,1.594c0.5,0.5,1.002,0.808,1.594,1.038 c0.572,0.222,1.227,0.375,2.185,0.418C9.249,20.99,9.556,21,12,21s2.751-0.01,3.711-0.054c0.958-0.044,1.612-0.196,2.185-0.418 c0.592-0.23,1.094-0.538,1.594-1.038c0.5-0.5,0.808-1.002,1.038-1.594c0.222-0.572,0.375-1.227,0.418-2.185 C20.99,14.751,21,14.444,21,12s-0.01-2.751-0.054-3.711c-0.044-0.958-0.196-1.612-0.418-2.185c-0.23-0.592-0.538-1.094-1.038-1.594 c-0.5-0.5-1.002-0.808-1.594-1.038c-0.572-0.222-1.227-0.375-2.185-0.418C14.751,3.01,14.444,3,12,3L12,3z M12,7.378 c-2.552,0-4.622,2.069-4.622,4.622S9.448,16.622,12,16.622s4.622-2.069,4.622-4.622S14.552,7.378,12,7.378z M12,15 c-1.657,0-3-1.343-3-3s1.343-3,3-3s3,1.343,3,3S13.657,15,12,15z M16.804,6.116c-0.596,0-1.08,0.484-1.08,1.08 s0.484,1.08,1.08,1.08c0.596,0,1.08-0.484,1.08-1.08S17.401,6.116,16.804,6.116z\"><\/path><\/svg><span class=\"wp-block-social-link-label screen-reader-text\">Instagram<\/span><\/a><\/li><\/ul>\n\n\n\n<div class=\"wp-block-group is-vertical is-content-justification-center is-layout-flex wp-container-core-group-is-layout-838cd1cc wp-block-group-is-layout-flex\" style=\"padding-top:var(--wp--preset--spacing--40);padding-bottom:var(--wp--preset--spacing--50)\"><div class=\"is-default-size wp-block-site-logo\"><a href=\"https:\/\/stevenkrucker.ch\/\" class=\"custom-logo-link\" rel=\"home\"><img loading=\"lazy\" decoding=\"async\" width=\"512\" height=\"512\" src=\"https:\/\/stevenkrucker.ch\/wp-content\/uploads\/2026\/02\/cropped-favicon_neu.jpg\" class=\"custom-logo\" alt=\"Steven Krucker &#8211; Musiker und Medienprofi\" srcset=\"https:\/\/stevenkrucker.ch\/wp-content\/uploads\/2026\/02\/cropped-favicon_neu.jpg 512w, https:\/\/stevenkrucker.ch\/wp-content\/uploads\/2026\/02\/cropped-favicon_neu-300x300.jpg 300w, https:\/\/stevenkrucker.ch\/wp-content\/uploads\/2026\/02\/cropped-favicon_neu-150x150.jpg 150w, https:\/\/stevenkrucker.ch\/wp-content\/uploads\/2026\/02\/cropped-favicon_neu-270x270.jpg 270w, https:\/\/stevenkrucker.ch\/wp-content\/uploads\/2026\/02\/cropped-favicon_neu-192x192.jpg 192w, https:\/\/stevenkrucker.ch\/wp-content\/uploads\/2026\/02\/cropped-favicon_neu-180x180.jpg 180w, https:\/\/stevenkrucker.ch\/wp-content\/uploads\/2026\/02\/cropped-favicon_neu-32x32.jpg 32w\" sizes=\"auto, (max-width: 512px) 100vw, 512px\" \/><\/a><\/div>\n\n<nav class=\"has-small-font-size items-justified-center wp-block-navigation is-content-justification-center is-layout-flex wp-container-core-navigation-is-layout-a89b3969 wp-block-navigation-is-layout-flex\" aria-label=\"Navigation\"><ul class=\"wp-block-navigation__container has-small-font-size items-justified-center wp-block-navigation has-small-font-size\"><li class=\"has-small-font-size wp-block-navigation-item wp-block-navigation-link\"><a class=\"wp-block-navigation-item__content\"  href=\"https:\/\/stevenkrucker.ch\/index.php\/home\/\"><span class=\"wp-block-navigation-item__label\">Home<\/span><\/a><\/li><li class=\"has-small-font-size wp-block-navigation-item wp-block-navigation-link\"><a class=\"wp-block-navigation-item__content\"  href=\"https:\/\/stevenkrucker.ch\/index.php\/musik\/\"><span class=\"wp-block-navigation-item__label\">Musik<\/span><\/a><\/li><li class=\"has-small-font-size wp-block-navigation-item wp-block-navigation-link\"><a class=\"wp-block-navigation-item__content\"  href=\"https:\/\/stevenkrucker.ch\/index.php\/konzerte\/\"><span class=\"wp-block-navigation-item__label\">Konzerte<\/span><\/a><\/li><li class=\"has-small-font-size wp-block-navigation-item wp-block-navigation-link\"><a class=\"wp-block-navigation-item__content\"  href=\"https:\/\/stevenkrucker.ch\/index.php\/stevens-green\/\"><span class=\"wp-block-navigation-item__label\">Steven&#8217;s Green<\/span><\/a><\/li><li class=\"has-small-font-size wp-block-navigation-item wp-block-navigation-link\"><a class=\"wp-block-navigation-item__content\"  href=\"https:\/\/stevenkrucker.ch\/index.php\/journalismus\/\"><span class=\"wp-block-navigation-item__label\">Journalismus<\/span><\/a><\/li><li class=\"has-small-font-size wp-block-navigation-item wp-block-navigation-link\"><a class=\"wp-block-navigation-item__content\"  href=\"https:\/\/stevenkrucker.ch\/index.php\/ueber-mich\/\"><span class=\"wp-block-navigation-item__label\">\u00dcber mich<\/span><\/a><\/li><li class=\"has-small-font-size wp-block-navigation-item wp-block-navigation-link\"><a class=\"wp-block-navigation-item__content\"  href=\"https:\/\/stevenkrucker.ch\/index.php\/kontakt\/\" title=\"Kontaktiere mich \u00fcber das Formular f\u00fcr weitere Informationen.\"><span class=\"wp-block-navigation-item__label\">Kontakt<\/span><span class=\"wp-block-navigation-item__description\">Du hast einen Event und m\u00f6chtest einen Soloact buchen? Schreibe mir!<\/span><\/a><\/li><\/ul><\/nav>\n\n\n<p class=\"has-text-align-center has-secondary-color has-text-color has-link-color has-small-font-size wp-elements-b95fa56febb020c8ec4a5ffaba8071f7\"><a href=\"https:\/\/stevenkrucker.ch\/index.php\/datenschutzerklarung\/\">Datenschutzerkl\u00e4rung<\/a><\/p>\n<\/div>\n","protected":false},"excerpt":{"rendered":"<p>Du hast einen Event und m\u00f6chtest einen Soloact buchen? Dann bin ich genau richtig. Ob Hochzeit, Geburtstag, Pub-Abend oder Konzert \u2013 ich habe das passende Repertoire und die Auftrittskompetenz. Partystimmung und Publikumsanimation liebe ich genauso, wie emotional ber\u00fchrende, ruhige Momente. Nat\u00fcrlich stehe ich auch f\u00fcr Moderationen und als Speaker zur Verf\u00fcgung. Ich freue mich \u00fcber [&hellip;]<\/p>\n","protected":false},"author":1,"featured_media":0,"parent":0,"menu_order":0,"comment_status":"closed","ping_status":"closed","template":"","meta":{"_monsterinsights_skip_tracking":false,"_monsterinsights_sitenote_active":false,"_monsterinsights_sitenote_note":"","_monsterinsights_sitenote_category":0,"footnotes":""},"class_list":["post-46","page","type-page","status-publish","hentry"],"aioseo_notices":[],"_links":{"self":[{"href":"https:\/\/stevenkrucker.ch\/index.php\/wp-json\/wp\/v2\/pages\/46","targetHints":{"allow":["GET"]}}],"collection":[{"href":"https:\/\/stevenkrucker.ch\/index.php\/wp-json\/wp\/v2\/pages"}],"about":[{"href":"https:\/\/stevenkrucker.ch\/index.php\/wp-json\/wp\/v2\/types\/page"}],"author":[{"embeddable":true,"href":"https:\/\/stevenkrucker.ch\/index.php\/wp-json\/wp\/v2\/users\/1"}],"replies":[{"embeddable":true,"href":"https:\/\/stevenkrucker.ch\/index.php\/wp-json\/wp\/v2\/comments?post=46"}],"version-history":[{"count":9,"href":"https:\/\/stevenkrucker.ch\/index.php\/wp-json\/wp\/v2\/pages\/46\/revisions"}],"predecessor-version":[{"id":461,"href":"https:\/\/stevenkrucker.ch\/index.php\/wp-json\/wp\/v2\/pages\/46\/revisions\/461"}],"wp:attachment":[{"href":"https:\/\/stevenkrucker.ch\/index.php\/wp-json\/wp\/v2\/media?parent=46"}],"curies":[{"name":"wp","href":"https:\/\/api.w.org\/{rel}","templated":true}]}}