{"id":6,"date":"2024-01-30T15:26:50","date_gmt":"2024-01-30T15:26:50","guid":{"rendered":"https:\/\/stevenkrucker.ch\/?page_id=6"},"modified":"2026-02-24T22:18:18","modified_gmt":"2026-02-24T21:18:18","slug":"home","status":"publish","type":"page","link":"https:\/\/stevenkrucker.ch\/","title":{"rendered":"Home"},"content":{"rendered":"\n<div class=\"wp-block-group alignfull has-base-2-background-color has-background has-global-padding is-layout-constrained wp-container-core-group-is-layout-2571fca8 wp-block-group-is-layout-constrained\" style=\"margin-top:var(--wp--preset--spacing--10);margin-bottom:var(--wp--preset--spacing--10);padding-top:var(--wp--preset--spacing--10);padding-bottom:var(--wp--preset--spacing--10)\">\n<div class=\"wp-block-cover alignfull has-base-2-color has-text-color has-link-color wp-elements-ed89b4b4ef3e4ade98e6baa643bbcd62\" style=\"padding-top:var(--wp--preset--spacing--30);padding-right:var(--wp--preset--spacing--30);padding-bottom:var(--wp--preset--spacing--30);padding-left:var(--wp--preset--spacing--30);min-height:724px;aspect-ratio:unset;\"><img loading=\"lazy\" decoding=\"async\" width=\"799\" height=\"533\" class=\"wp-block-cover__image-background wp-image-11\" alt=\"Steven Krucker - Singer Songwritter - im Ch\u00e4slager Stans.\" src=\"https:\/\/stevenkrucker.ch\/wp-content\/uploads\/2024\/01\/markusfroemml_20221026-open-mic-016_Nutzung-Social-Media-800px-_bc1a26b6_.jpg\" style=\"object-position:60% 0%\" data-object-fit=\"cover\" data-object-position=\"60% 0%\" srcset=\"https:\/\/stevenkrucker.ch\/wp-content\/uploads\/2024\/01\/markusfroemml_20221026-open-mic-016_Nutzung-Social-Media-800px-_bc1a26b6_.jpg 799w, https:\/\/stevenkrucker.ch\/wp-content\/uploads\/2024\/01\/markusfroemml_20221026-open-mic-016_Nutzung-Social-Media-800px-_bc1a26b6_-300x200.jpg 300w, https:\/\/stevenkrucker.ch\/wp-content\/uploads\/2024\/01\/markusfroemml_20221026-open-mic-016_Nutzung-Social-Media-800px-_bc1a26b6_-768x512.jpg 768w\" sizes=\"auto, (max-width: 799px) 100vw, 799px\" \/><span aria-hidden=\"true\" class=\"wp-block-cover__background has-contrast-2-background-color has-background-dim\"><\/span><div class=\"wp-block-cover__inner-container is-layout-flow wp-block-cover-is-layout-flow\">\n<div class=\"wp-block-group alignwide has-base-color has-text-color has-link-color wp-elements-5a72f0d8cab5756456ccd3063fdffe0c is-content-justification-space-between is-layout-flex wp-container-core-group-is-layout-10d17ff1 wp-block-group-is-layout-flex\" style=\"margin-top:0;margin-bottom:0\">\n<div class=\"wp-block-group is-layout-flex wp-block-group-is-layout-flex\"><h1 class=\"has-link-color wp-elements-e24c80986e13ab3d929b38d6b46e3019 wp-block-site-title has-text-color has-white-color has-medium-font-size\"><a href=\"https:\/\/stevenkrucker.ch\" target=\"_self\" rel=\"home\">Steven Krucker &#8211; Musiker und Medienprofi<\/a><\/h1><\/div>\n<\/div>\n\n\n\n<div class=\"wp-block-group has-global-padding is-layout-constrained wp-block-group-is-layout-constrained\">\n<div style=\"height:536px\" aria-hidden=\"true\" class=\"wp-block-spacer\"><\/div>\n<\/div>\n\n\n\n<h1 class=\"wp-block-heading has-text-align-center\">Herzlich willkommen!<\/h1>\n<\/div><\/div>\n\n\n\n<hr class=\"wp-block-separator has-text-color has-base-color has-alpha-channel-opacity has-base-background-color has-background\"\/>\n\n\n\n<h2 class=\"wp-block-heading has-text-align-center\">Musik und Kommunikation als Leidenschaft<\/h2>\n\n\n\n<p class=\"has-text-align-center\" style=\"border-style:none;border-width:0px;margin-right:0;margin-left:0;font-size:clamp(0.929rem, 0.929rem + ((1vw - 0.2rem) * 0.785), 1.4rem);\">Mit Begeisterung, Offenheit und einem breiten Allgemeinwissen bewege ich mich zwischen Musik, Moderation und Medienarbeit. Ob als Moderator, Interviewer oder Musiker: Ich spreche zum Publikum \u2013 mit Worten oder mit T\u00f6nen.<\/p>\n\n\n\n<p class=\"has-text-align-center\" style=\"font-size:clamp(0.929rem, 0.929rem + ((1vw - 0.2rem) * 0.785), 1.4rem);\">Ich liebe es, Menschen zu erreichen, Stimmungen zu schaffen und Gespr\u00e4che zu f\u00fchren, die etwas ausl\u00f6sen. Spontanit\u00e4t geh\u00f6rt f\u00fcr mich genauso dazu wie Professionalit\u00e4t. Jede Begegnung, jedes Publikum und jeder Auftritt ist anders \u2013 und genau das macht meinen Beruf lebendig.<\/p>\n\n\n\n<figure class=\"wp-block-image aligncenter size-full has-custom-border is-style-rounded wp-duotone-unset-2 is-style-rounded--1\" style=\"margin-top:var(--wp--preset--spacing--30);margin-right:0;margin-bottom:var(--wp--preset--spacing--30);margin-left:0\"><img loading=\"lazy\" decoding=\"async\" width=\"616\" height=\"424\" src=\"https:\/\/stevenkrucker.ch\/wp-content\/uploads\/2024\/01\/IMG-20230803-WA0006-e1706630393203.jpg\" alt=\"\" class=\"wp-image-44\" style=\"border-style:none;border-width:0px;border-top-left-radius:40px;border-top-right-radius:40px;border-bottom-left-radius:40px;border-bottom-right-radius:40px\" srcset=\"https:\/\/stevenkrucker.ch\/wp-content\/uploads\/2024\/01\/IMG-20230803-WA0006-e1706630393203.jpg 616w, https:\/\/stevenkrucker.ch\/wp-content\/uploads\/2024\/01\/IMG-20230803-WA0006-e1706630393203-300x206.jpg 300w\" sizes=\"auto, (max-width: 616px) 100vw, 616px\" \/><\/figure>\n\n\n\n<p class=\"has-text-align-center\" style=\"font-size:clamp(0.929rem, 0.929rem + ((1vw - 0.2rem) * 0.785), 1.4rem);\"><strong>Meine St\u00e4rke liegt darin, Atmosph\u00e4re zu schaffen und Verbindungen herzustellen.<\/strong> Ich h\u00f6re zu, ich reagiere, ich f\u00fchre \u2013 und ich lasse Raum f\u00fcr das, was im Moment entsteht. Kommunikation ist f\u00fcr mich kein Werkzeug, sondern ein Lebensgef\u00fchl.<\/p>\n\n\n\n<p class=\"has-text-align-center\"><\/p>\n\n\n\n<hr class=\"wp-block-separator has-text-color has-base-color has-alpha-channel-opacity has-base-background-color has-background\" style=\"margin-top:var(--wp--preset--spacing--10);margin-bottom:var(--wp--preset--spacing--10)\"\/>\n\n\n\n<h2 class=\"wp-block-heading has-text-align-center\">Meine Konzertdaten findest du hier!<\/h2>\n\n\n\n<div class=\"wp-block-buttons alignwide has-custom-font-size has-large-font-size is-content-justification-center is-layout-flex wp-container-core-buttons-is-layout-483275cd wp-block-buttons-is-layout-flex\" style=\"margin-top:var(--wp--preset--spacing--20);margin-bottom:var(--wp--preset--spacing--20);padding-top:var(--wp--preset--spacing--10);padding-bottom:var(--wp--preset--spacing--10)\">\n<div class=\"wp-block-button\"><a class=\"wp-block-button__link has-text-align-center has-custom-font-size wp-element-button\" href=\"https:\/\/stevenkrucker.ch\/index.php\/konzerte\/\" style=\"font-size:clamp(0.875rem, 0.875rem + ((1vw - 0.2rem) * 0.708), 1.3rem);\">Zu meinen Live-Gigs<\/a><\/div>\n<\/div>\n\n\n\n<div class=\"wp-block-group alignfull has-accent-4-background-color has-background has-global-padding is-layout-constrained wp-container-core-group-is-layout-d89aad35 wp-block-group-is-layout-constrained\" style=\"margin-top:0;margin-bottom:0;padding-top:var(--wp--preset--spacing--50);padding-right:var(--wp--preset--spacing--50);padding-bottom:var(--wp--preset--spacing--50);padding-left:var(--wp--preset--spacing--50)\">\n<div class=\"wp-block-columns alignwide are-vertically-aligned-top is-layout-flex wp-container-core-columns-is-layout-1da03c2a wp-block-columns-is-layout-flex\">\n<div class=\"wp-block-column is-vertically-aligned-top is-layout-flow wp-block-column-is-layout-flow\" style=\"flex-basis:100%\">\n<h2 class=\"wp-block-heading has-text-align-center\">Irischer Pubabend, feinf\u00fchlige Musik oder eine Moderation?<\/h2>\n\n\n\n<p class=\"has-text-align-center\" style=\"font-size:clamp(0.929rem, 0.929rem + ((1vw - 0.2rem) * 0.785), 1.4rem);\">Finde auf meiner Homepage heraus, wer ich bin, was ich alles mache. Ich freue mich \u00fcber eine Nachricht von dir.<\/p>\n\n\n\n<p class=\"has-text-align-center\" style=\"font-size:clamp(0.929rem, 0.929rem + ((1vw - 0.2rem) * 0.785), 1.4rem);\"><em>Herzliche Gr\u00fcsse, Steven<\/em><\/p>\n\n\n\n<div class=\"wp-block-buttons is-content-justification-center is-layout-flex wp-container-core-buttons-is-layout-a89b3969 wp-block-buttons-is-layout-flex\">\n<div class=\"wp-block-button\"><a class=\"wp-block-button__link has-custom-font-size wp-element-button\" href=\"https:\/\/stevenkrucker.ch\/index.php\/kontakt\/\" style=\"font-size:clamp(0.875rem, 0.875rem + ((1vw - 0.2rem) * 0.708), 1.3rem);\">Kontaktiere mich!<\/a><\/div>\n<\/div>\n<\/div>\n<\/div>\n<\/div>\n<\/div>\n\n\n\n<p><\/p>\n","protected":false},"excerpt":{"rendered":"<p>Musik und Kommunikation als Leidenschaft Mit Begeisterung, Offenheit und einem breiten Allgemeinwissen bewege ich mich zwischen Musik, Moderation und Medienarbeit. Ob als Moderator, Interviewer oder Musiker: Ich spreche zum Publikum \u2013 mit Worten oder mit T\u00f6nen. Ich liebe es, Menschen zu erreichen, Stimmungen zu schaffen und Gespr\u00e4che zu f\u00fchren, die etwas ausl\u00f6sen. Spontanit\u00e4t geh\u00f6rt f\u00fcr [&hellip;]<\/p>\n","protected":false},"author":1,"featured_media":0,"parent":0,"menu_order":0,"comment_status":"closed","ping_status":"closed","template":"page-no-title","meta":{"_monsterinsights_skip_tracking":false,"_monsterinsights_sitenote_active":false,"_monsterinsights_sitenote_note":"","_monsterinsights_sitenote_category":0,"footnotes":""},"class_list":["post-6","page","type-page","status-publish","hentry"],"aioseo_notices":[],"_links":{"self":[{"href":"https:\/\/stevenkrucker.ch\/index.php\/wp-json\/wp\/v2\/pages\/6","targetHints":{"allow":["GET"]}}],"collection":[{"href":"https:\/\/stevenkrucker.ch\/index.php\/wp-json\/wp\/v2\/pages"}],"about":[{"href":"https:\/\/stevenkrucker.ch\/index.php\/wp-json\/wp\/v2\/types\/page"}],"author":[{"embeddable":true,"href":"https:\/\/stevenkrucker.ch\/index.php\/wp-json\/wp\/v2\/users\/1"}],"replies":[{"embeddable":true,"href":"https:\/\/stevenkrucker.ch\/index.php\/wp-json\/wp\/v2\/comments?post=6"}],"version-history":[{"count":35,"href":"https:\/\/stevenkrucker.ch\/index.php\/wp-json\/wp\/v2\/pages\/6\/revisions"}],"predecessor-version":[{"id":476,"href":"https:\/\/stevenkrucker.ch\/index.php\/wp-json\/wp\/v2\/pages\/6\/revisions\/476"}],"wp:attachment":[{"href":"https:\/\/stevenkrucker.ch\/index.php\/wp-json\/wp\/v2\/media?parent=6"}],"curies":[{"name":"wp","href":"https:\/\/api.w.org\/{rel}","templated":true}]}}